{"id":674,"date":"2018-05-19T15:10:36","date_gmt":"2018-05-19T15:10:36","guid":{"rendered":"https:\/\/azuluna-ecolodge.com\/?page_id=674"},"modified":"2023-03-26T14:17:22","modified_gmt":"2023-03-26T14:17:22","slug":"la-plata-island-tour","status":"publish","type":"page","link":"https:\/\/azuluna-ecolodge.com\/en\/la-plata-island-tour\/","title":{"rendered":"La Plata Island Tour"},"content":{"rendered":"<section class=\"wpb-content-wrapper\"><p>[vc_section el_class=&#8221;sec-banner-int&#8221;][vc_row][vc_column][vc_column_text css=&#8221;.vc_custom_1585925981340{margin-bottom: 0px !important;}&#8221;]<img decoding=\"async\" loading=\"lazy\" class=\"alignnone size-full wp-image-1179\" src=\"https:\/\/azuluna-ecolodge.com\/wp-content\/uploads\/2018\/07\/azuluna-atractivos-isla-plata.jpg\" alt=\"\" width=\"1600\" height=\"456\" srcset=\"https:\/\/azuluna-ecolodge.com\/wp-content\/uploads\/2018\/07\/azuluna-atractivos-isla-plata.jpg 1600w, https:\/\/azuluna-ecolodge.com\/wp-content\/uploads\/2018\/07\/azuluna-atractivos-isla-plata-300x86.jpg 300w, https:\/\/azuluna-ecolodge.com\/wp-content\/uploads\/2018\/07\/azuluna-atractivos-isla-plata-768x219.jpg 768w, https:\/\/azuluna-ecolodge.com\/wp-content\/uploads\/2018\/07\/azuluna-atractivos-isla-plata-1024x292.jpg 1024w\" sizes=\"(max-width: 1600px) 100vw, 1600px\" \/>[\/vc_column_text][\/vc_column][\/vc_row][\/vc_section][vc_section el_class=&#8221;sec-contenido&#8221;][vc_row][vc_column][vc_custom_heading source=&#8221;post_title&#8221; font_container=&#8221;tag:h2|font_size:44px|text_align:center|color:%23dfaf6b&#8221; use_theme_fonts=&#8221;yes&#8221; css=&#8221;.vc_custom_1526660230992{margin-top: 30px !important;}&#8221;][vc_single_image image=&#8221;54&#8243; img_size=&#8221;full&#8221; alignment=&#8221;center&#8221;][\/vc_column][\/vc_row][vc_row][vc_column width=&#8221;1\/2&#8243;][vc_single_image image=&#8221;679&#8243; img_size=&#8221;full&#8221; alignment=&#8221;center&#8221;][\/vc_column][vc_column width=&#8221;1\/2&#8243;][vc_single_image image=&#8221;678&#8243; img_size=&#8221;full&#8221; alignment=&#8221;center&#8221;][\/vc_column][\/vc_row][vc_row][vc_column][vc_column_text]<\/p>\n<p style=\"text-align: justify;\"><span style=\"color: #1165af;\"><strong>4 DAYS \u2013 3 NIGHTS WITHOUT TRANSPORTATION<\/strong><\/span><\/p>\n<p style=\"text-align: justify;\">AZULUNA is located just south of the Machalilla National Park, in Ecuador&#8217;s Manabi Province. Its privileged view and proximity to the ocean offer you a unique and pristine setting for a well-deserved rest away from your normal routine.<\/p>\n<p style=\"text-align: justify;\">AZULUNA offers private cabins, each with a beautiful ocean view, designed to maximize privacy and tranquility. The cabins are built using local ecological materials and various types of wood such as bamboo and cade (tagua palm leaf). At Azuluna, we take care of the local eco-system by re-using and recycling.<\/p>\n<p style=\"text-align: justify;\">Azuluna supports various local community projects through Fundacion Reto Internacional:<\/p>\n<p style=\"text-align: justify;\"><span style=\"color: #1165af;\">www.fundacionretointernacional.org.ec<\/span><\/p>\n<p>[\/vc_column_text][vc_column_text el_class=&#8221;textwhite&#8221; css=&#8221;.vc_custom_1526733461190{margin-bottom: 5px !important;padding-top: 10px !important;padding-bottom: 3px !important;background-color: #043f82 !important;}&#8221;]<\/p>\n<p style=\"text-align: center;\">TOUR ITINERARY<\/p>\n<p>[\/vc_column_text][vc_column_text el_class=&#8221;textwhite&#8221; css=&#8221;.vc_custom_1531759641777{margin-bottom: 5px !important;padding-top: 10px !important;padding-bottom: 3px !important;background-color: #79a2d0 !important;}&#8221;]<\/p>\n<p style=\"text-align: center;\">DAY 1<\/p>\n<p>[\/vc_column_text][vc_column_text el_class=&#8221;text&#8221;]<\/p>\n<ul>\n<li style=\"text-align: justify;\">Lunch.<\/li>\n<li style=\"text-align: justify;\">In the afternoon: Visit the Ayampe river; where you can enjoy the spectacular natural surroundings as you hike along the river. You will have the opportunity to view some of the 300 different species of birds from the area, as well as various types of wild bamboo.<\/li>\n<li style=\"text-align: justify;\">Dinner.<\/li>\n<\/ul>\n<p>[\/vc_column_text][vc_column_text el_class=&#8221;textwhite&#8221; css=&#8221;.vc_custom_1531759650457{margin-bottom: 5px !important;padding-top: 10px !important;padding-bottom: 3px !important;background-color: #79a2d0 !important;}&#8221;]<\/p>\n<p style=\"text-align: center;\">DAY 2<\/p>\n<p>[\/vc_column_text][vc_column_text el_class=&#8221;text&#8221;]<\/p>\n<ul>\n<li style=\"text-align: justify;\">Breakfast.<\/li>\n<li style=\"text-align: justify;\">In the morning: Visit the Community Project of Agua Blanca.<\/li>\n<\/ul>\n<p style=\"text-align: justify;\">Agua Blanca is a typical small community in the Ecuadorian coast with small, simple houses built of bamboo and cade roofs (tagua palm leaves).<\/p>\n<p style=\"text-align: justify;\">Agua Blanca was the capital of the Se\u00f1or\u00edo Mante\u00f1o de Salangome (ancient indigenous settlement). Temples, palaces and houses were built here and populated by thousands of people. The locals were excellent sailors, and their balsa ships sailed from Mexico to Peru, exchanging products with different cultures along the way.<\/p>\n<p style=\"text-align: justify;\">More than a decade of archeological work including several excavations, led the archaeologists to discover and rescue many important artifacts and ruins from the Mante\u00f1o culture. Some of these artifacts are displayed in a small local museum which is administrated by the community. Different types of pottery, sacred U shaped stone chairs used just by the &#8220;curaca&#8221; or community chief, copper jewelry and obsidian projectile points which reconfirm the trade this culture kept with indigenous groups from the Andes, are displayed in the museum. The Mante\u00f1os used spondylus seashells as currency for their trade and as a symbol of wealth. Nowadays, this precious seashell can be tasted in the best restaurants in the area, although it&#8217;s harder to find lately due to overfishing.<\/p>\n<p style=\"text-align: justify;\">To complement this cultural immersion, you will have the opportunity to take a refreshing swim and have a natural mud treatment in the spectacular sulphur lagoon, amidst the beautiful and peaceful surroundings.<\/p>\n<ul>\n<li style=\"text-align: justify;\">Box lunch or a meal in Puerto L\u00f3pez.<\/li>\n<li style=\"text-align: justify;\">In the afternoon: Visit Frailes Beach.<\/li>\n<li style=\"text-align: justify;\">Dinner.<\/li>\n<\/ul>\n<p>[\/vc_column_text][vc_column_text el_class=&#8221;textwhite&#8221; css=&#8221;.vc_custom_1531759660809{margin-bottom: 5px !important;padding-top: 10px !important;padding-bottom: 3px !important;background-color: #79a2d0 !important;}&#8221;]<\/p>\n<p style=\"text-align: center;\">DAY 3<\/p>\n<p>[\/vc_column_text][vc_column_text el_class=&#8221;text&#8221;]<\/p>\n<ul>\n<li style=\"text-align: justify;\">Early in the morning: Observe the fishermen returning with their catch to Puerto L\u00f3pez (optional).<\/li>\n<li style=\"text-align: justify;\">Breakfast (Azuluna or Puerto L\u00f3pez, depending on the activity above).<\/li>\n<li style=\"text-align: justify;\">Full day: Tour of La Plata Island. Boat trip, approximately 2 hours (we recommend bringing sea sickness medication. Mareol is the name used in Ecuador, and can be found at any Pharmacy).<\/li>\n<li style=\"text-align: justify;\">Hiking around the Island- approximately 2 to 3 hours (a local Naturalist guide will be in charge).<\/li>\n<li style=\"text-align: justify;\">Box lunch included (2 sandwiches, fruit and water).<\/li>\n<li style=\"text-align: justify;\">Snorkeling (included in tour).<\/li>\n<\/ul>\n<p style=\"text-align: justify;\">La Plata Island is part of the Machalillia National Park and is located 36 kilometers from the continent and is 1200 hectares in size. It has a dry climate where different species of plants have adapted. Its fauna is mainly fish and a multitude of birds such as the blue-footed booby, red-footed booby, masked\/nazca booby, frigate bird, red-billed tropicbird and albatross which have chosen this island for mating.<\/p>\n<p style=\"text-align: justify;\">The island was a ceremonial center in pre-Columbian times. After the Spanish conquest, pirates used to visit the island. In the late XVI century it was used as a base by Sir Francis Drake after assaulting the Galleon &#8220;Nuestra Se\u00f1ora de la Inmaculada Concepci\u00f3n&#8221; to divide his loot. For those who love underwater scenery and wildlife, Drake Bay is the perfect place for its coral reefs. The only way to get here is by arranged tours.<\/p>\n<ul>\n<li style=\"text-align: justify;\">Dinner.<\/li>\n<\/ul>\n<p>[\/vc_column_text][vc_column_text el_class=&#8221;textwhite&#8221; css=&#8221;.vc_custom_1531759669496{margin-bottom: 5px !important;padding-top: 10px !important;padding-bottom: 3px !important;background-color: #79a2d0 !important;}&#8221;]<\/p>\n<p style=\"text-align: center;\">DAY 4<\/p>\n<p>[\/vc_column_text][vc_column_text el_class=&#8221;text&#8221;]<\/p>\n<ul>\n<li style=\"text-align: justify;\">Breakfast.<\/li>\n<li style=\"text-align: justify;\">Horse-back riding (not included in the budget), or relaxing at the beach, or visit the unique Bamboo Church of Ecuador, &#8220;Nuestra Se\u00f1ora de la Candelaria&#8221;, in the unique village of Puerto Rico (all activities optional).<\/li>\n<li style=\"text-align: justify;\">Lunch.<\/li>\n<li style=\"text-align: justify;\">Check Out.<\/li>\n<\/ul>\n<p>[\/vc_column_text][vc_column_text el_class=&#8221;textwhite&#8221; css=&#8221;.vc_custom_1585928201755{margin-bottom: 5px !important;padding-top: 10px !important;padding-bottom: 3px !important;background-color: #c67934 !important;}&#8221;]<\/p>\n<p style=\"text-align: center;\">ADULTS: US $ 293.38; CHILDREN up to 5 years old: US $ 197.82<br \/>\n(taxes included and we need a minimum of 2 people)<br \/>\nPlease write to us at info@azuluna-ecuador.com<\/p>\n<p>[\/vc_column_text][\/vc_column][\/vc_row][vc_row equal_height=&#8221;yes&#8221; css=&#8221;.vc_custom_1526665185082{margin-bottom: 3px !important;}&#8221;][vc_column width=&#8221;1\/2&#8243; css=&#8221;.vc_custom_1526734721586{background-color: #fff0e2 !important;}&#8221;][vc_column_text el_class=&#8221;text&#8221;]<\/p>\n<p style=\"text-align: justify;\"><span style=\"color: #c67934;\"><strong>INCLUDED<\/strong><\/span><\/p>\n<ul>\n<li style=\"text-align: justify;\">Accommodation in double or matrimonial cabin minimum and according with availability.<\/li>\n<li style=\"text-align: justify;\">American Breakfast. Note: breakfast could take place in the market (local breakfast) if the group decides to observe the fishermen returning with their catch.<\/li>\n<li style=\"text-align: justify;\">Lunch and dinner according to itinerary; in both cases meal includes: soup, main course, dessert and juice. Note: depending on each program some of these meals could be replaced by a box lunch.<\/li>\n<li style=\"text-align: justify;\">Safe, drinkable water.<\/li>\n<li style=\"text-align: justify;\">Beach Towels.<\/li>\n<li style=\"text-align: justify;\">Tours mentioned above guided by professionals.<\/li>\n<li style=\"text-align: justify;\">Snorkeling.<\/li>\n<li style=\"text-align: justify;\">Free WiFi and parking.<\/li>\n<li style=\"text-align: justify;\">Ecuadorian taxes.<\/li>\n<\/ul>\n<p>[\/vc_column_text][\/vc_column][vc_column width=&#8221;1\/2&#8243; css=&#8221;.vc_custom_1526734729543{border-left-width: 2px !important;background-color: #dfefff !important;border-left-color: #ffffff !important;border-left-style: solid !important;}&#8221;][vc_column_text el_class=&#8221;text&#8221;]<\/p>\n<p style=\"text-align: justify;\"><span style=\"color: #6489ae;\"><strong>NOT INCLUDED<\/strong><\/span><\/p>\n<ul>\n<li style=\"text-align: justify;\">Transportation to and from Azuluna.<\/li>\n<li style=\"text-align: justify;\">Municipality of Puerto Lopez tax US $ 1 when you enter Isla de la Plata and entrance fee to Agua Blanca US $ 5.<\/li>\n<li style=\"text-align: justify;\">Horse-back riding mentioned above as optional.<\/li>\n<li style=\"text-align: justify;\">Full (travelling, medical, etc.) insurance. In case of an accident or death, air or bus company or travel agency insurance will be applied. Please check for more details at the end of this itinerary.<\/li>\n<li style=\"text-align: justify;\">Alcoholic and non-alcoholic drinks not mentioned in the itinerary.<\/li>\n<li style=\"text-align: justify;\">Tips.<\/li>\n<li style=\"text-align: justify;\">Anything extra not mentioned in the itinerary above.<\/li>\n<\/ul>\n<p>[\/vc_column_text][\/vc_column][\/vc_row][vc_row][vc_column css=&#8221;.vc_custom_1526665154496{padding-right: 0px !important;padding-left: 0px !important;}&#8221;][vc_column_text el_class=&#8221;textwhite text&#8221; css=&#8221;.vc_custom_1531761120603{margin-bottom: 1px !important;padding-top: 20px !important;padding-right: 20px !important;padding-bottom: 3px !important;padding-left: 20px !important;background-color: #043f82 !important;}&#8221;]CONFIRMATION POLICIES<\/p>\n<ul>\n<li style=\"text-align: justify;\">To confirm your reservation we require a payment of 50% of the total cost of the program as soon as the booking has been done, and the remaining 50% maximum one week before the date of your arrival.<\/li>\n<\/ul>\n<p>CANCELLATION POLICIES[\/vc_column_text][\/vc_column][\/vc_row][vc_row equal_height=&#8221;yes&#8221; content_placement=&#8221;middle&#8221;][vc_column width=&#8221;1\/3&#8243; css=&#8221;.vc_custom_1526665035614{border-bottom-width: 2px !important;background-color: #c57b34 !important;border-bottom-color: #ffffff !important;border-bottom-style: solid !important;}&#8221;][vc_column_text el_class=&#8221;textwhite&#8221;]<\/p>\n<p style=\"text-align: center;\">30-07 DAYS BEFORE THE TOUR STARTS<\/p>\n<p>[\/vc_column_text][\/vc_column][vc_column width=&#8221;1\/3&#8243; css=&#8221;.vc_custom_1526665044198{border-bottom-width: 2px !important;border-left-width: 2px !important;background-color: #f3a962 !important;border-left-color: #ffffff !important;border-left-style: solid !important;border-bottom-color: #ffffff !important;border-bottom-style: solid !important;}&#8221;][vc_column_text el_class=&#8221;textwhite&#8221;]<\/p>\n<p style=\"text-align: center;\">FORFEIT<\/p>\n<p>[\/vc_column_text][\/vc_column][vc_column width=&#8221;1\/3&#8243; css=&#8221;.vc_custom_1526665050391{border-bottom-width: 2px !important;border-left-width: 2px !important;background-color: #ffca97 !important;border-left-color: #ffffff !important;border-left-style: solid !important;border-bottom-color: #ffffff !important;border-bottom-style: solid !important;}&#8221;][vc_column_text el_class=&#8221;textwhite&#8221;]<\/p>\n<p style=\"text-align: center;\">50% OF TOTAL COST<\/p>\n<p>[\/vc_column_text][\/vc_column][\/vc_row][vc_row equal_height=&#8221;yes&#8221; content_placement=&#8221;middle&#8221;][vc_column width=&#8221;1\/3&#8243; css=&#8221;.vc_custom_1526735966395{border-bottom-width: 2px !important;background-color: #c57b34 !important;border-bottom-color: #ffffff !important;border-bottom-style: solid !important;}&#8221;][vc_column_text el_class=&#8221;textwhite&#8221;]<\/p>\n<p style=\"text-align: center;\">06-00 DAYS BEFORE THE TOUR STARTS<\/p>\n<p>[\/vc_column_text][\/vc_column][vc_column width=&#8221;1\/3&#8243; css=&#8221;.vc_custom_1526735976540{border-bottom-width: 2px !important;border-left-width: 2px !important;background-color: #f3a962 !important;border-left-color: #ffffff !important;border-left-style: solid !important;border-bottom-color: #ffffff !important;border-bottom-style: solid !important;}&#8221;][vc_column_text el_class=&#8221;textwhite&#8221;]<\/p>\n<p style=\"text-align: center;\">FORFEIT<\/p>\n<p>[\/vc_column_text][\/vc_column][vc_column width=&#8221;1\/3&#8243; css=&#8221;.vc_custom_1526735983441{border-bottom-width: 2px !important;border-left-width: 2px !important;background-color: #ffca97 !important;border-left-color: #ffffff !important;border-left-style: solid !important;border-bottom-color: #ffffff !important;border-bottom-style: solid !important;}&#8221;][vc_column_text el_class=&#8221;textwhite&#8221;]<\/p>\n<p style=\"text-align: center;\">100% OF TOTAL COST<\/p>\n<p>[\/vc_column_text][\/vc_column][\/vc_row][vc_row][vc_column css=&#8221;.vc_custom_1526730098352{margin-top: 30px !important;}&#8221;][vc_column_text el_class=&#8221;text&#8221;]<\/p>\n<ul>\n<li style=\"text-align: justify;\">You may cancel your confirmed booking IN WRITING.<\/li>\n<li style=\"text-align: justify;\">The forfeit will be deducted automatically from the deposits made as soon as the written cancellation is received.<\/li>\n<\/ul>\n<p style=\"text-align: justify;\"><span style=\"color: #043f82;\"><strong>COMMENTS:<\/strong><\/span><\/p>\n<ul>\n<li style=\"text-align: justify;\">Azuluna runs this tour in coordination with local air and bus companies, as well as local travel agencies and tourist guides.<\/li>\n<li style=\"text-align: justify;\">Azuluna works only with reputable tourist companies.<\/li>\n<li style=\"text-align: justify;\">Azuluna will be responsible for providing accommodations and on-time meals, according to the itinerary above. Any delay in air, bus or sea transportation will be the responsibility of each particular company providing the service.<\/li>\n<li style=\"text-align: justify;\">A 10% fee will be added to the final bill for credit card payments.<\/li>\n<\/ul>\n<p>[\/vc_column_text][vc_column_text el_class=&#8221;textwhite&#8221; css=&#8221;.vc_custom_1526736481877{margin-bottom: 5px !important;padding-top: 10px !important;padding-bottom: 3px !important;background-color: #7ccff8 !important;}&#8221;]<\/p>\n<p style=\"text-align: center;\">DID YOU KNOW&#8230;.<\/p>\n<p>[\/vc_column_text][vc_column_text el_class=&#8221;text&#8221;]<\/p>\n<ul>\n<li style=\"text-align: justify;\">That about 10% of your accommodation costs at Azuluna Eco-Lodge are used to support different development projects in nearby Las Tunas Village.<\/li>\n<li style=\"text-align: justify;\">Azuluna is supporting the development of the local economy through the practice of &#8220;fair trade&#8221; through the purchase of:<\/li>\n<li style=\"text-align: justify;\">Organic coffee served in our restaurant as planted and processed by &#8220;Agroartesanal Association of Coffee Producers Intag River-Imbabura Province&#8221;;<\/li>\n<li style=\"text-align: justify;\">The marketing of the artesan crafts sold in our Reception desk boutique as created by the Association of Families in Rocafuerte-Manabi Province; and<\/li>\n<li style=\"text-align: justify;\">The purchase of biodegradable cleaning products used throughout this Eco-Lodge as made and supplied by a micro family business from Manta-Manabi Province<\/li>\n<\/ul>\n<p>[\/vc_column_text][vc_column_text el_class=&#8221;textwhite&#8221; css=&#8221;.vc_custom_1531761526792{margin-bottom: 5px !important;padding-top: 10px !important;padding-bottom: 3px !important;background-color: #043f82 !important;}&#8221;]<\/p>\n<p style=\"text-align: center;\">AZULUNA ECOLODGE SEEKS TO ACTIVELY SUPPORT LOCAL ECONOMIC DEVELOPMENT IN ALL ITS PRACTICES!<\/p>\n<p>[\/vc_column_text][vc_column_text el_class=&#8221;text&#8221;]<\/p>\n<p style=\"text-align: center;\"><span style=\"color: #043f82;\">&#8220;Perla del Pac\u00edfico Sur&#8221; Award for &#8220;Best Management Practices in Sustainable Tourism 2011&#8221; <\/span><br \/>\n<span style=\"color: #043f82;\">Mention of Honor 2012: \u201cGood Practices in Sustainable Tourism and Support to Community\u201d, GAD Puerto L\u00f3pez<\/span><br \/>\n<span style=\"color: #043f82;\"> Members of the Ecuadorian Association of Ecotourism<\/span><\/p>\n<p>[\/vc_column_text][vc_column_text el_class=&#8221;text&#8221;]<\/p>\n<p style=\"text-align: center;\">Selected as one of the 35 Economic and Romantic Paradises in South America, Chile Enviajes, 2014<\/p>\n<p>[\/vc_column_text][\/vc_column][\/vc_row][\/vc_section]<\/p>\n<\/section>","protected":false},"excerpt":{"rendered":"<p>[vc_section el_class=&#8221;sec-banner-int&#8221;][vc_row][vc_column][vc_column_text css=&#8221;.vc_custom_1585925981340{margin-bottom: 0px !important;}&#8221;][\/vc_column_text][\/vc_column][\/vc_row][\/vc_section][vc_section el_class=&#8221;sec-contenido&#8221;][vc_row][vc_column][vc_custom_heading source=&#8221;post_title&#8221; font_container=&#8221;tag:h2|font_size:44px|text_align:center|color:%23dfaf6b&#8221; use_theme_fonts=&#8221;yes&#8221; css=&#8221;.vc_custom_1526660230992{margin-top: 30px !important;}&#8221;][vc_single_image image=&#8221;54&#8243; img_size=&#8221;full&#8221; alignment=&#8221;center&#8221;][\/vc_column][\/vc_row][vc_row][vc_column width=&#8221;1\/2&#8243;][vc_single_image image=&#8221;679&#8243; img_size=&#8221;full&#8221; alignment=&#8221;center&#8221;][\/vc_column][vc_column width=&#8221;1\/2&#8243;][vc_single_image image=&#8221;678&#8243; img_size=&#8221;full&#8221; alignment=&#8221;center&#8221;][\/vc_column][\/vc_row][vc_row][vc_column][vc_column_text] 4 DAYS \u2013 3 NIGHTS WITHOUT TRANSPORTATION AZULUNA is located just south of the Machalilla National Park, in Ecuador&#8217;s Manabi Province. Its privileged view and proximity to the ocean offer you a [&hellip;]<\/p>\n","protected":false},"author":1,"featured_media":0,"parent":0,"menu_order":0,"comment_status":"closed","ping_status":"closed","template":"","meta":{"_joinchat":[]},"_links":{"self":[{"href":"https:\/\/azuluna-ecolodge.com\/en\/wp-json\/wp\/v2\/pages\/674"}],"collection":[{"href":"https:\/\/azuluna-ecolodge.com\/en\/wp-json\/wp\/v2\/pages"}],"about":[{"href":"https:\/\/azuluna-ecolodge.com\/en\/wp-json\/wp\/v2\/types\/page"}],"author":[{"embeddable":true,"href":"https:\/\/azuluna-ecolodge.com\/en\/wp-json\/wp\/v2\/users\/1"}],"replies":[{"embeddable":true,"href":"https:\/\/azuluna-ecolodge.com\/en\/wp-json\/wp\/v2\/comments?post=674"}],"version-history":[{"count":33,"href":"https:\/\/azuluna-ecolodge.com\/en\/wp-json\/wp\/v2\/pages\/674\/revisions"}],"predecessor-version":[{"id":1510,"href":"https:\/\/azuluna-ecolodge.com\/en\/wp-json\/wp\/v2\/pages\/674\/revisions\/1510"}],"wp:attachment":[{"href":"https:\/\/azuluna-ecolodge.com\/en\/wp-json\/wp\/v2\/media?parent=674"}],"curies":[{"name":"wp","href":"https:\/\/api.w.org\/{rel}","templated":true}]}}