{"id":447,"date":"2018-05-01T08:00:51","date_gmt":"2018-05-01T08:00:51","guid":{"rendered":"https:\/\/azuluna-ecolodge.com\/?page_id=447"},"modified":"2023-03-26T14:16:47","modified_gmt":"2023-03-26T14:16:47","slug":"observacion-de-ballenas","status":"publish","type":"page","link":"https:\/\/azuluna-ecolodge.com\/en\/observacion-de-ballenas\/","title":{"rendered":"HUMPBACK WHALE WATCHING ENJOY A WEEKEND IN AZULUNA ECOLODGE"},"content":{"rendered":"<section class=\"wpb-content-wrapper\"><p>[vc_section el_class=&#8221;sec-banner-int&#8221;][vc_row][vc_column][vc_column_text css=&#8221;.vc_custom_1596996776590{margin-bottom: 0px !important;}&#8221;]<img decoding=\"async\" loading=\"lazy\" class=\"alignnone size-full wp-image-1376\" src=\"https:\/\/azuluna-ecolodge.com\/wp-content\/uploads\/2020\/08\/azuluna-avistamiento-ballenas-copy2.jpg\" alt=\"\" width=\"1600\" height=\"456\" srcset=\"https:\/\/azuluna-ecolodge.com\/wp-content\/uploads\/2020\/08\/azuluna-avistamiento-ballenas-copy2.jpg 1600w, https:\/\/azuluna-ecolodge.com\/wp-content\/uploads\/2020\/08\/azuluna-avistamiento-ballenas-copy2-300x86.jpg 300w, https:\/\/azuluna-ecolodge.com\/wp-content\/uploads\/2020\/08\/azuluna-avistamiento-ballenas-copy2-768x219.jpg 768w, https:\/\/azuluna-ecolodge.com\/wp-content\/uploads\/2020\/08\/azuluna-avistamiento-ballenas-copy2-1024x292.jpg 1024w\" sizes=\"(max-width: 1600px) 100vw, 1600px\" \/>[\/vc_column_text][\/vc_column][\/vc_row][\/vc_section][vc_section el_class=&#8221;sec-contenido&#8221;][vc_row css=&#8221;.vc_custom_1525162387888{margin-top: 30px !important;}&#8221;][vc_column][vc_custom_heading source=&#8221;post_title&#8221; font_container=&#8221;tag:h2|font_size:45px|text_align:center|color:%23dfaf6b&#8221; use_theme_fonts=&#8221;yes&#8221;][vc_single_image image=&#8221;54&#8243; img_size=&#8221;full&#8221; alignment=&#8221;center&#8221;][vc_column_text]<\/p>\n<p style=\"text-align: justify;\"><span style=\"color: #1165af;\"><strong>AZULUNA is located just south of the Machalilla National Park, in Ecuador\u2019s Manabi Province. Its privileged view and proximity to the ocean offer you a unique and pristine setting for a well-deserved rest away from your normal routine.<\/strong><\/span><\/p>\n<p style=\"text-align: justify;\">AZULUNA offers private bungalows, each with a beautiful ocean view, designed to maximize privacy and tranquility. The bungalows are built using local ecological materials and various types of wood such as bamboo and cade (tagua palm leaf). At Azuluna, we take care of the local eco-system by re-using and recycling.<\/p>\n<p>Azuluna supports various local community projects through Fundacion Reto Internacional:<\/p>\n<p style=\"text-align: justify;\"><a href=\"http:\/\/www.fundacionretointernacional.org.ec\" target=\"_blank\" rel=\"noopener noreferrer\">www.fundacionretointernacional.org.ec<\/a><\/p>\n<p>[\/vc_column_text][\/vc_column][\/vc_row][vc_row][vc_column css=&#8221;.vc_custom_1525162144806{padding-right: 0px !important;padding-left: 0px !important;}&#8221;][vc_single_image image=&#8221;451&#8243; img_size=&#8221;full&#8221; alignment=&#8221;center&#8221; css=&#8221;.vc_custom_1525162279565{margin-bottom: 10px !important;}&#8221;][\/vc_column][\/vc_row][vc_row][vc_column width=&#8221;1\/2&#8243; css=&#8221;.vc_custom_1525162144806{padding-right: 0px !important;padding-left: 0px !important;}&#8221;][vc_single_image image=&#8221;453&#8243; img_size=&#8221;full&#8221; alignment=&#8221;center&#8221;][\/vc_column][vc_column width=&#8221;1\/2&#8243; css=&#8221;.vc_custom_1525162245432{padding-right: 0px !important;padding-left: 0px !important;}&#8221;][vc_single_image image=&#8221;452&#8243; img_size=&#8221;full&#8221; alignment=&#8221;center&#8221;][\/vc_column][\/vc_row][vc_row css=&#8221;.vc_custom_1537312702233{background-color: #f5b173 !important;}&#8221;][vc_column][vc_column_text el_class=&#8221;textwhite&#8221;]<\/p>\n<p style=\"text-align: center;\">Day 1, SATURDAY<\/p>\n<p>[\/vc_column_text][\/vc_column][\/vc_row][vc_row equal_height=&#8221;yes&#8221; content_placement=&#8221;middle&#8221; css=&#8221;.vc_custom_1537313388327{margin-bottom: 3px !important;}&#8221;][vc_column width=&#8221;1\/3&#8243; css=&#8221;.vc_custom_1537313403992{padding-top: 5px !important;background-color: #00d2ff !important;}&#8221;][vc_column_text el_class=&#8221;textwhite&#8221; css=&#8221;.vc_custom_1537313567647{margin-bottom: 0px !important;}&#8221;]<\/p>\n<p style=\"text-align: center;\">8:30<\/p>\n<p>[\/vc_column_text][\/vc_column][vc_column width=&#8221;2\/3&#8243; css=&#8221;.vc_custom_1537313714848{padding-top: 5px !important;background-color: #f3f3f3 !important;}&#8221;][vc_column_text css=&#8221;.vc_custom_1596997091223{margin-bottom: 0px !important;}&#8221;]Departure from Malecon 2000 (9 de Octubre and Malecon streets)-Guayaquil<br \/>\nYou have to be on time; otherwise you will reach the group by your own.[\/vc_column_text][\/vc_column][\/vc_row][vc_row equal_height=&#8221;yes&#8221; content_placement=&#8221;middle&#8221; css=&#8221;.vc_custom_1537313388327{margin-bottom: 3px !important;}&#8221;][vc_column width=&#8221;1\/3&#8243; css=&#8221;.vc_custom_1537313403992{padding-top: 5px !important;background-color: #00d2ff !important;}&#8221;][vc_column_text el_class=&#8221;textwhite&#8221; css=&#8221;.vc_custom_1537313686516{margin-bottom: 0px !important;}&#8221;]<\/p>\n<p style=\"text-align: center;\">12:00<\/p>\n<p>[\/vc_column_text][\/vc_column][vc_column width=&#8221;2\/3&#8243; css=&#8221;.vc_custom_1537313719940{padding-top: 5px !important;background-color: #f3f3f3 !important;}&#8221;][vc_column_text css=&#8221;.vc_custom_1596997102630{margin-bottom: 0px !important;}&#8221;]Check In Azuluna Ecolodge[\/vc_column_text][\/vc_column][\/vc_row][vc_row equal_height=&#8221;yes&#8221; content_placement=&#8221;middle&#8221; css=&#8221;.vc_custom_1537313388327{margin-bottom: 3px !important;}&#8221;][vc_column width=&#8221;1\/3&#8243; css=&#8221;.vc_custom_1537313403992{padding-top: 5px !important;background-color: #00d2ff !important;}&#8221;][vc_column_text el_class=&#8221;textwhite&#8221; css=&#8221;.vc_custom_1537313743648{margin-bottom: 0px !important;}&#8221;]<\/p>\n<p style=\"text-align: center;\">13:00<\/p>\n<p>[\/vc_column_text][\/vc_column][vc_column width=&#8221;2\/3&#8243; css=&#8221;.vc_custom_1537313719940{padding-top: 5px !important;background-color: #f3f3f3 !important;}&#8221;][vc_column_text css=&#8221;.vc_custom_1596997170261{margin-bottom: 0px !important;}&#8221;]Lunch: soup, main course, dessert and juice[\/vc_column_text][\/vc_column][\/vc_row][vc_row equal_height=&#8221;yes&#8221; content_placement=&#8221;middle&#8221; css=&#8221;.vc_custom_1537313388327{margin-bottom: 3px !important;}&#8221;][vc_column width=&#8221;1\/3&#8243; css=&#8221;.vc_custom_1537313403992{padding-top: 5px !important;background-color: #00d2ff !important;}&#8221;][vc_column_text el_class=&#8221;textwhite&#8221; css=&#8221;.vc_custom_1537313761253{margin-bottom: 0px !important;}&#8221;]<\/p>\n<p style=\"text-align: center;\">14:00<\/p>\n<p>[\/vc_column_text][\/vc_column][vc_column width=&#8221;2\/3&#8243; css=&#8221;.vc_custom_1537313719940{padding-top: 5px !important;background-color: #f3f3f3 !important;}&#8221;][vc_column_text css=&#8221;.vc_custom_1596997179731{margin-bottom: 0px !important;}&#8221;]Visit Frailes Beach[\/vc_column_text][\/vc_column][\/vc_row][vc_row equal_height=&#8221;yes&#8221; content_placement=&#8221;middle&#8221; css=&#8221;.vc_custom_1537313388327{margin-bottom: 3px !important;}&#8221;][vc_column width=&#8221;1\/3&#8243; css=&#8221;.vc_custom_1537313403992{padding-top: 5px !important;background-color: #00d2ff !important;}&#8221;][vc_column_text el_class=&#8221;textwhite&#8221; css=&#8221;.vc_custom_1537313789960{margin-bottom: 0px !important;}&#8221;]<\/p>\n<p style=\"text-align: center;\">17:00<\/p>\n<p>[\/vc_column_text][\/vc_column][vc_column width=&#8221;2\/3&#8243; css=&#8221;.vc_custom_1537313719940{padding-top: 5px !important;background-color: #f3f3f3 !important;}&#8221;][vc_column_text css=&#8221;.vc_custom_1596997188439{margin-bottom: 0px !important;}&#8221;]Return to Azuluna Ecolodge[\/vc_column_text][\/vc_column][\/vc_row][vc_row equal_height=&#8221;yes&#8221; content_placement=&#8221;middle&#8221; css=&#8221;.vc_custom_1537313388327{margin-bottom: 3px !important;}&#8221;][vc_column width=&#8221;1\/3&#8243; css=&#8221;.vc_custom_1537313403992{padding-top: 5px !important;background-color: #00d2ff !important;}&#8221;][vc_column_text el_class=&#8221;textwhite&#8221; css=&#8221;.vc_custom_1537313809551{margin-bottom: 0px !important;}&#8221;]<\/p>\n<p style=\"text-align: center;\">19:00<\/p>\n<p>[\/vc_column_text][\/vc_column][vc_column width=&#8221;2\/3&#8243; css=&#8221;.vc_custom_1537313719940{padding-top: 5px !important;background-color: #f3f3f3 !important;}&#8221;][vc_column_text css=&#8221;.vc_custom_1596997198542{margin-bottom: 0px !important;}&#8221;]Dinner: soup, main course, dessert and juice[\/vc_column_text][\/vc_column][\/vc_row][vc_row css=&#8221;.vc_custom_1537315382354{background-color: #0f6bb5 !important;}&#8221;][vc_column][vc_column_text el_class=&#8221;textwhite&#8221;]<\/p>\n<p style=\"text-align: center;\">Day 2, SUNDAY<\/p>\n<p>[\/vc_column_text][\/vc_column][\/vc_row][vc_row equal_height=&#8221;yes&#8221; content_placement=&#8221;middle&#8221; css=&#8221;.vc_custom_1537313388327{margin-bottom: 3px !important;}&#8221;][vc_column width=&#8221;1\/3&#8243; css=&#8221;.vc_custom_1537313403992{padding-top: 5px !important;background-color: #00d2ff !important;}&#8221;][vc_column_text el_class=&#8221;textwhite&#8221; css=&#8221;.vc_custom_1596997437596{margin-bottom: 0px !important;}&#8221;]<\/p>\n<p style=\"text-align: center;\">07:30<\/p>\n<p>[\/vc_column_text][\/vc_column][vc_column width=&#8221;2\/3&#8243; css=&#8221;.vc_custom_1537313719940{padding-top: 5px !important;background-color: #f3f3f3 !important;}&#8221;][vc_column_text css=&#8221;.vc_custom_1596997312887{margin-bottom: 0px !important;}&#8221;]American Breakfast[\/vc_column_text][\/vc_column][\/vc_row][vc_row equal_height=&#8221;yes&#8221; content_placement=&#8221;middle&#8221; css=&#8221;.vc_custom_1537313388327{margin-bottom: 3px !important;}&#8221;][vc_column width=&#8221;1\/3&#8243; css=&#8221;.vc_custom_1537313403992{padding-top: 5px !important;background-color: #00d2ff !important;}&#8221;][vc_column_text el_class=&#8221;textwhite&#8221; css=&#8221;.vc_custom_1596997443276{margin-bottom: 0px !important;}&#8221;]<\/p>\n<p style=\"text-align: center;\">08:30<\/p>\n<p>[\/vc_column_text][\/vc_column][vc_column width=&#8221;2\/3&#8243; css=&#8221;.vc_custom_1537313719940{padding-top: 5px !important;background-color: #f3f3f3 !important;}&#8221;][vc_column_text css=&#8221;.vc_custom_1596997321753{margin-bottom: 0px !important;}&#8221;]Departure for whale watching[\/vc_column_text][\/vc_column][\/vc_row][vc_row equal_height=&#8221;yes&#8221; content_placement=&#8221;middle&#8221; css=&#8221;.vc_custom_1537313388327{margin-bottom: 3px !important;}&#8221;][vc_column width=&#8221;1\/3&#8243; css=&#8221;.vc_custom_1537313403992{padding-top: 5px !important;background-color: #00d2ff !important;}&#8221;][vc_column_text el_class=&#8221;textwhite&#8221; css=&#8221;.vc_custom_1596997452148{margin-bottom: 0px !important;}&#8221;]<\/p>\n<p style=\"text-align: center;\">12:30 aprox.<\/p>\n<p>[\/vc_column_text][\/vc_column][vc_column width=&#8221;2\/3&#8243; css=&#8221;.vc_custom_1537313719940{padding-top: 5px !important;background-color: #f3f3f3 !important;}&#8221;][vc_column_text css=&#8221;.vc_custom_1596997331118{margin-bottom: 0px !important;}&#8221;]Return to Azuluna Ecolodge[\/vc_column_text][\/vc_column][\/vc_row][vc_row equal_height=&#8221;yes&#8221; content_placement=&#8221;middle&#8221; css=&#8221;.vc_custom_1537313388327{margin-bottom: 3px !important;}&#8221;][vc_column width=&#8221;1\/3&#8243; css=&#8221;.vc_custom_1537313403992{padding-top: 5px !important;background-color: #00d2ff !important;}&#8221;][vc_column_text el_class=&#8221;textwhite&#8221; css=&#8221;.vc_custom_1596997460830{margin-bottom: 0px !important;}&#8221;]<\/p>\n<p style=\"text-align: center;\">13:00<\/p>\n<p>[\/vc_column_text][\/vc_column][vc_column width=&#8221;2\/3&#8243; css=&#8221;.vc_custom_1537313719940{padding-top: 5px !important;background-color: #f3f3f3 !important;}&#8221;][vc_column_text css=&#8221;.vc_custom_1596997353531{margin-bottom: 0px !important;}&#8221;]Lunch: soup, main course, dessert and juice[\/vc_column_text][\/vc_column][\/vc_row][vc_row equal_height=&#8221;yes&#8221; content_placement=&#8221;middle&#8221; css=&#8221;.vc_custom_1537313388327{margin-bottom: 3px !important;}&#8221;][vc_column width=&#8221;1\/3&#8243; css=&#8221;.vc_custom_1537313403992{padding-top: 5px !important;background-color: #00d2ff !important;}&#8221;][vc_column_text el_class=&#8221;textwhite&#8221; css=&#8221;.vc_custom_1596997478152{margin-bottom: 0px !important;}&#8221;]<\/p>\n<p style=\"text-align: center;\">15:00<\/p>\n<p>[\/vc_column_text][\/vc_column][vc_column width=&#8221;2\/3&#8243; css=&#8221;.vc_custom_1537313719940{padding-top: 5px !important;background-color: #f3f3f3 !important;}&#8221;][vc_column_text css=&#8221;.vc_custom_1596997366924{margin-bottom: 0px !important;}&#8221;]Return to Guayaquil (same place from the first day)[\/vc_column_text][\/vc_column][\/vc_row][vc_row equal_height=&#8221;yes&#8221; content_placement=&#8221;middle&#8221; css=&#8221;.vc_custom_1537313388327{margin-bottom: 3px !important;}&#8221;][vc_column width=&#8221;1\/3&#8243; css=&#8221;.vc_custom_1537313403992{padding-top: 5px !important;background-color: #00d2ff !important;}&#8221;][vc_column_text el_class=&#8221;textwhite&#8221; css=&#8221;.vc_custom_1537370927604{margin-bottom: 0px !important;}&#8221;]<\/p>\n<p style=\"text-align: center;\">18:30<\/p>\n<p>[\/vc_column_text][\/vc_column][vc_column width=&#8221;2\/3&#8243; css=&#8221;.vc_custom_1537313719940{padding-top: 5px !important;background-color: #f3f3f3 !important;}&#8221;][vc_column_text css=&#8221;.vc_custom_1596997378138{margin-bottom: 0px !important;}&#8221;]Tour ends[\/vc_column_text][\/vc_column][\/vc_row][vc_row css=&#8221;.vc_custom_1537315382354{background-color: #0f6bb5 !important;}&#8221;][vc_column][vc_column_text el_class=&#8221;textwhite&#8221;]<\/p>\n<p style=\"text-align: center;\">PRICE PER PERSON: Please write to us at info@azuluna-ecuador.com<\/p>\n<p>[\/vc_column_text][\/vc_column][\/vc_row][vc_row][vc_column][vc_column_text el_class=&#8221;text&#8221;]<\/p>\n<p style=\"text-align: justify;\"><span style=\"color: #0f6bb5;\"><strong>INCLUDED<\/strong><\/span><\/p>\n<ul style=\"text-align: justify;\">\n<li>\u2022 Private transportation from and to Guayaquil.<br \/>\n\u2022 Accommodation in double\/triple bungalows.<br \/>\n\u2022 2 lunches, 1 dinner and 1 breakfast according itinerary.<br \/>\n\u2022 Safe, drinkable water.<br \/>\n\u2022 Ecuadorian taxes.<\/li>\n<\/ul>\n<p>&nbsp;<\/p>\n<p style=\"text-align: justify;\"><span style=\"color: #0f6bb5;\"><strong>NO INCLUYE<\/strong><\/span><\/p>\n<ul style=\"text-align: justify;\">\n<li>Seguro completo: viaje, enfermedad, accidentes o muerte (en caso de accidente o muerte se aplicar\u00e1n los seguros de la Compa\u00f1\u00eda de Buses contratada o de los Operadores de Turismo).<\/li>\n<li>Impuesto Municipal por uso del Muelle: US $ 1.<\/li>\n<li>Bebidas con o sin alcohol y no especificadas en el programa.<\/li>\n<li>Propinas.<\/li>\n<li>Extras no especificados en el programa.<\/li>\n<\/ul>\n<p style=\"text-align: justify;\"><span style=\"color: #0f6bb5;\"><strong>NOT INCLUDED<\/strong><\/span><\/p>\n<p style=\"text-align: justify;\">\u2022 Full (travelling, medical, etc.) insurance. In case of an accident or death, air or bus company or travel agency insurance will be applied. Please check for more details at the end of this itinerary.<br \/>\n\u2022 Alcoholic and non-alcoholic drinks not mentioned in the itinerary.<br \/>\n\u2022 Tips.<br \/>\n\u2022 Anything extra not mentioned in the itinerary above.<\/p>\n<p>&nbsp;<\/p>\n<p style=\"text-align: justify;\"><span style=\"color: #0f6bb5;\"><strong>CONFIRMATION POLICIES <\/strong><\/span><\/p>\n<p style=\"text-align: justify;\">\u2022 An initial deposit of the 50% is required as soon as dates are confirmed.<br \/>\n\u2022 A week before the tour starts please completes the 100% deposit.<\/p>\n<p>&nbsp;<\/p>\n<p><span style=\"color: #0000ff;\"><strong><span style=\"color: #0053ab;\">CANCELLATION POLICIES<\/span> <\/strong><\/span><\/p>\n<p>15-07 days before the tour starts forfeit 50% of total cost<br \/>\n06-00 days before the tour starts forfeit 100% of total cost<br \/>\n\u2022 You may cancel your confirmed booking IN WRITING.<br \/>\n\u2022 The forfeit will be deducted automatically from the deposits made as soon as the written cancellation is received.<br \/>\n\u2022 For a group cancelation, please, ask for our policies.<\/p>\n<p>&nbsp;<\/p>\n<p><span style=\"color: #00678c;\"><strong>COMMENTS<\/strong><\/span><\/p>\n<p>\u2022 Azuluna Ecolodge runs this tour in coordination with local air and bus companies, as well as local travel agencies and tourist guides.<br \/>\n\u2022 Azuluna Ecolodge works only with reputable tourist companies.<br \/>\n\u2022 Azuluna Ecolodge will be responsible for providing accommodations and on-time meals, according to the itinerary above. Any delay in air, bus or sea transportation will be the responsibility of each particular company providing the service.<br \/>\n\u2022 Child rate is applied with minors between 2 to 11 years of age.<br \/>\n\u2022 This promotional tour does not apply with travel agencies group\u2019s rates and offers.[\/vc_column_text][\/vc_column][\/vc_row][vc_row css=&#8221;.vc_custom_1537371713295{background-color: #f5b173 !important;}&#8221;][vc_column][vc_column_text el_class=&#8221;textwhite&#8221;]<\/p>\n<p style=\"text-align: center;\">Did you know.\u2026<\/p>\n<p>[\/vc_column_text][\/vc_column][\/vc_row][vc_row css=&#8221;.vc_custom_1537371779611{background-color: #fef9f3 !important;}&#8221;][vc_column][vc_column_text el_class=&#8221;text&#8221;]\u2022 Azuluna Ecolodge runs this tour in coordination with local air and bus companies, as well as local travel agencies and tourist guides.<br \/>\n\u2022 Azuluna Ecolodge works only with reputable tourist companies.<br \/>\n\u2022 Azuluna Ecolodge will be responsible for providing accommodations and on-time meals, according to the itinerary above. Any delay in air, bus or sea transportation will be the responsibility of each particular company providing the service.<br \/>\n\u2022 Child rate is applied with minors between 2 to 11 years of age.<br \/>\n\u2022 This promotional tour does not apply with travel agencies group\u2019s rates and offers.[\/vc_column_text][\/vc_column][\/vc_row][vc_row][vc_column][vc_column_text]<span style=\"color: #00628c;\"><strong>Azuluna Ecolodge seeks to actively support local economic development in all its practices!<\/strong><\/span><br \/>\n<span style=\"color: #00628c;\"><strong>\u201cPerla del Pac\u00edfico Sur Award for Best Management Practices in Sustainable Tourism 2011&#8243;<\/strong><\/span><br \/>\n<span style=\"color: #00628c;\"><strong>Mention of Honor 2012: \u201cGood Practices in Sustainable Tourism and Support to Community\u201d, GAD Puerto Lopez<\/strong><\/span><br \/>\n<span style=\"color: #00628c;\"><strong>Members of the Ecuadorian Association of Ecotourism<\/strong><\/span>[\/vc_column_text][\/vc_column][\/vc_row][\/vc_section]<\/p>\n<\/section>","protected":false},"excerpt":{"rendered":"<p>[vc_section el_class=&#8221;sec-banner-int&#8221;][vc_row][vc_column][vc_column_text css=&#8221;.vc_custom_1596996776590{margin-bottom: 0px !important;}&#8221;][\/vc_column_text][\/vc_column][\/vc_row][\/vc_section][vc_section el_class=&#8221;sec-contenido&#8221;][vc_row css=&#8221;.vc_custom_1525162387888{margin-top: 30px !important;}&#8221;][vc_column][vc_custom_heading source=&#8221;post_title&#8221; font_container=&#8221;tag:h2|font_size:45px|text_align:center|color:%23dfaf6b&#8221; use_theme_fonts=&#8221;yes&#8221;][vc_single_image image=&#8221;54&#8243; img_size=&#8221;full&#8221; alignment=&#8221;center&#8221;][vc_column_text] AZULUNA is located just south of the Machalilla National Park, in Ecuador\u2019s Manabi Province. Its privileged view and proximity to the ocean offer you a unique and pristine setting for a well-deserved rest away from your normal routine. AZULUNA offers [&hellip;]<\/p>\n","protected":false},"author":1,"featured_media":0,"parent":0,"menu_order":0,"comment_status":"closed","ping_status":"closed","template":"","meta":{"_joinchat":[]},"_links":{"self":[{"href":"https:\/\/azuluna-ecolodge.com\/en\/wp-json\/wp\/v2\/pages\/447"}],"collection":[{"href":"https:\/\/azuluna-ecolodge.com\/en\/wp-json\/wp\/v2\/pages"}],"about":[{"href":"https:\/\/azuluna-ecolodge.com\/en\/wp-json\/wp\/v2\/types\/page"}],"author":[{"embeddable":true,"href":"https:\/\/azuluna-ecolodge.com\/en\/wp-json\/wp\/v2\/users\/1"}],"replies":[{"embeddable":true,"href":"https:\/\/azuluna-ecolodge.com\/en\/wp-json\/wp\/v2\/comments?post=447"}],"version-history":[{"count":39,"href":"https:\/\/azuluna-ecolodge.com\/en\/wp-json\/wp\/v2\/pages\/447\/revisions"}],"predecessor-version":[{"id":1507,"href":"https:\/\/azuluna-ecolodge.com\/en\/wp-json\/wp\/v2\/pages\/447\/revisions\/1507"}],"wp:attachment":[{"href":"https:\/\/azuluna-ecolodge.com\/en\/wp-json\/wp\/v2\/media?parent=447"}],"curies":[{"name":"wp","href":"https:\/\/api.w.org\/{rel}","templated":true}]}}