{"id":26,"date":"2018-03-23T01:05:03","date_gmt":"2018-03-23T01:05:03","guid":{"rendered":"https:\/\/azuluna-ecolodge.com\/?page_id=26"},"modified":"2023-03-26T14:18:52","modified_gmt":"2023-03-26T14:18:52","slug":"luna-de-miel","status":"publish","type":"page","link":"https:\/\/azuluna-ecolodge.com\/en\/luna-de-miel\/","title":{"rendered":"Luna de Miel"},"content":{"rendered":"<section class=\"wpb-content-wrapper\"><p>[vc_section el_class=&#8221;sec-banner-int&#8221;][vc_row][vc_column][vc_column_text css=&#8221;.vc_custom_1532728394925{margin-bottom: 0px !important;}&#8221;]<img decoding=\"async\" loading=\"lazy\" class=\"alignnone size-full wp-image-1196\" src=\"https:\/\/azuluna-ecolodge.com\/wp-content\/uploads\/2018\/07\/azuluna-luna-de-miel.jpg\" alt=\"\" width=\"1600\" height=\"456\" srcset=\"https:\/\/azuluna-ecolodge.com\/wp-content\/uploads\/2018\/07\/azuluna-luna-de-miel.jpg 1600w, https:\/\/azuluna-ecolodge.com\/wp-content\/uploads\/2018\/07\/azuluna-luna-de-miel-300x86.jpg 300w, https:\/\/azuluna-ecolodge.com\/wp-content\/uploads\/2018\/07\/azuluna-luna-de-miel-768x219.jpg 768w, https:\/\/azuluna-ecolodge.com\/wp-content\/uploads\/2018\/07\/azuluna-luna-de-miel-1024x292.jpg 1024w\" sizes=\"(max-width: 1600px) 100vw, 1600px\" \/>[\/vc_column_text][\/vc_column][\/vc_row][\/vc_section][vc_section el_class=&#8221;sec-contenido&#8221;][vc_row][vc_column][vc_custom_heading source=&#8221;post_title&#8221; font_container=&#8221;tag:h2|font_size:44px|text_align:center|color:%23dfaf6b&#8221; use_theme_fonts=&#8221;yes&#8221; css=&#8221;.vc_custom_1526660230992{margin-top: 30px !important;}&#8221;][vc_single_image image=&#8221;54&#8243; img_size=&#8221;full&#8221; alignment=&#8221;center&#8221;][\/vc_column][\/vc_row][vc_row][vc_column width=&#8221;1\/2&#8243;][vc_single_image image=&#8221;562&#8243; img_size=&#8221;full&#8221; alignment=&#8221;center&#8221;][\/vc_column][vc_column width=&#8221;1\/2&#8243;][vc_single_image image=&#8221;561&#8243; img_size=&#8221;full&#8221; alignment=&#8221;center&#8221;][\/vc_column][\/vc_row][vc_row][vc_column][vc_column_text]<span style=\"color: #1165af;\"><strong>4 DAYS \u2013 3 NIGHTS WITHOUT TRANSPORTATION<\/strong><\/span><\/p>\n<p style=\"text-align: justify;\">AZULUNA is located just south of the Machalilla National Park, in Ecuador\u2019s Manabi Province. Its privileged view and proximity to the ocean offer you a unique and pristine setting for a well-deserved rest away from your normal routine.<\/p>\n<p style=\"text-align: justify;\">AZULUNA offers private cabins, each with a beautiful ocean view and the cloud forest, designed to maximize privacy and tranquility. The cabins are built using local ecological materials and various types of wood such as bamboo and cade (tagua palm leaf). At Azuluna, we take care of the local eco-system by re-using and recycling.<\/p>\n<p style=\"text-align: justify;\">Azuluna supports various local community projects through Fundacion Reto Internacional:<\/p>\n<p style=\"text-align: justify;\"><span style=\"color: #1165af;\">www.fundacionretointernacional.org.ec<\/span><\/p>\n<p style=\"text-align: center;\"><span style=\"color: #1165af;\"><strong>Tour Itinerary:<\/strong><\/span><\/p>\n<p>[\/vc_column_text][vc_tta_accordion style=&#8221;modern&#8221; shape=&#8221;square&#8221; color=&#8221;blue&#8221; c_position=&#8221;right&#8221; active_section=&#8221;1&#8243;][vc_tta_section title=&#8221;DAY 1&#8243; tab_id=&#8221;1528154434211-87f59e83-4125&#8243;][vc_column_text el_class=&#8221;text&#8221;]<\/p>\n<ul>\n<li style=\"text-align: justify;\">In the morning, arrival.<\/li>\n<li style=\"text-align: justify;\">Arrival in the morning.<\/li>\n<li style=\"text-align: justify;\">Lunch.<\/li>\n<li style=\"text-align: justify;\">In the afternoon: Visit the Ayampe river; where you can enjoy the spectacular natural surroundings as you hike along the river. You will have the opportunity to view some of the 300 different species of birds from the area, as well as various types of wild bamboo.<\/li>\n<li style=\"text-align: justify;\">Dinner; bottle of wine courtesy of Azuluna Ecolodge.<\/li>\n<\/ul>\n<p>[\/vc_column_text][\/vc_tta_section][vc_tta_section title=&#8221;DAY 2&#8243; tab_id=&#8221;1528154434312-70dee72c-559f&#8221;][vc_column_text el_class=&#8221;text&#8221;]<\/p>\n<ul>\n<li style=\"text-align: justify;\">Breakfast.<\/li>\n<li style=\"text-align: justify;\">\u00a0In the morning: Visit the Community Project of Agua Blanca.<\/li>\n<\/ul>\n<p style=\"text-align: justify;\">Agua Blanca is a typical small community in the Ecuadorian coast with small, simple houses built of bamboo and cade roofs (tagua palm leaves).<\/p>\n<p style=\"text-align: justify;\">Agua Blanca was the capital of the Se\u00f1or\u00edo Mante\u00f1o de Salangome (ancient indigenous settlement). Temples, palaces and houses were built here and populated by thousands of people. The locals were excellent sailors, and their balsa ships sailed from Mexico to Peru, exchanging products with different cultures along the way.<\/p>\n<p style=\"text-align: justify;\">More than a decade of archeological work including several excavations, led the archaeologists to discover and rescue many important artifacts and ruins from the Mante\u00f1o culture. Some of these artifacts are displayed in a small local museum which is administrated by the community. Different types of pottery, sacred U shaped stone chairs used just by the \u201ccuraca\u201d or community chief, copper jewelry and obsidian projectile points which reconfirm the trade this culture kept with indigenous groups from the Andes, are displayed in the museum. The Mante\u00f1os used spondylus seashells as currency for their trade and as a symbol of wealth. Nowadays, this precious seashell can be tasted in the best restaurants in the area, although it\u2019s harder to find lately due to overfishing.<\/p>\n<p style=\"text-align: justify;\">To complement this cultural immersion, you will have the opportunity to take a refreshing swim and have a natural mud treatment in the spectacular sulphur lagoon, amidst the beautiful and peaceful surroundings.<\/p>\n<ul>\n<li style=\"text-align: justify;\">Box lunch or a meal in Puerto L\u00f3pez.<\/li>\n<li style=\"text-align: justify;\">In the afternoon: Visit Frailes Beach.<\/li>\n<li style=\"text-align: justify;\">Dinner.<\/li>\n<\/ul>\n<p>[\/vc_column_text][\/vc_tta_section][vc_tta_section title=&#8221;DAY 3&#8243; tab_id=&#8221;1528154625072-ffa23ba7-9af1&#8243;][vc_column_text el_class=&#8221;text&#8221;]<\/p>\n<ul>\n<li style=\"text-align: justify;\">Early in the morning: Observe the fishermen returning with their catch to Puerto Lopez (optional).<\/li>\n<li style=\"text-align: justify;\">Breakfast (Azuluna or Puerto Lopez, depending on the activity above).\n<ul>\n<li style=\"text-align: justify;\">Full day: Tour of La Plata Island.<\/li>\n<li style=\"text-align: justify;\">Boat trip, approximately 2 hours (we recommend bringing sea sickness medication. Mareol is the name used in Ecuador, and can be found at any Pharmacy).<\/li>\n<li style=\"text-align: justify;\">Hiking around the Island- approximately 2 to 3 hours (a local Naturalist guide will be in charge).<\/li>\n<li style=\"text-align: justify;\">Box lunch included (2 sandwiches, fruit and water).<\/li>\n<li style=\"text-align: justify;\">Snorkeling (included in tour).<\/li>\n<\/ul>\n<\/li>\n<\/ul>\n<p style=\"text-align: justify;\">La Plata Island is part of the Machalillia National Park and is located 36 kilometers from the continent and is 1200 hectares in size. It has a dry climate where different species of plants have adapted. Its fauna is mainly fish and a multitude of birds such as the blue-footed booby, red-footed booby, masked\/nazca booby, frigate bird, red-billed tropicbird and albatross which have chosen this island for mating.<\/p>\n<ul>\n<li style=\"text-align: justify;\">The island was a ceremonial center in pre-Columbian times. After the Spanish conquest, pirates used to visit the island. In the late XVI century it was used as a base by Sir Francis Drake after assaulting the Galleon &#8220;Nuestra Se\u00f1ora de la Inmaculada Concepci\u00f3n&#8221; to divide his loot. For those who love underwater scenery and wildlife, Drake Bay is the perfect place for its coral reefs. The only way to get here is by arranged tours.<\/li>\n<li style=\"text-align: justify;\">Dinner.<\/li>\n<\/ul>\n<p>[\/vc_column_text][\/vc_tta_section][vc_tta_section title=&#8221;DAY 4&#8243; tab_id=&#8221;1528154703286-ac26f139-3ad0&#8243;][vc_column_text el_class=&#8221;text&#8221;]<\/p>\n<ul>\n<li style=\"text-align: justify;\">\u00a0Breakfast.<\/li>\n<li style=\"text-align: justify;\">Horseback riding (not included in the proposed price) or enjoy the beach or walk to the Bamboo Church &#8220;Nuestra Se\u00f1ora de la Candelaria&#8221; in the town of Puerto Rico and unique in Ecuador (all optional).<\/li>\n<li style=\"text-align: justify;\">Lunch.<\/li>\n<li style=\"text-align: justify;\">Check Out.<\/li>\n<\/ul>\n<p>[\/vc_column_text][\/vc_tta_section][\/vc_tta_accordion][vc_single_image image=&#8221;568&#8243; img_size=&#8221;full&#8221; alignment=&#8221;center&#8221; css=&#8221;.vc_custom_1526661268866{margin-bottom: 5px !important;}&#8221;][\/vc_column][\/vc_row][vc_row equal_height=&#8221;yes&#8221; content_placement=&#8221;middle&#8221;][vc_column width=&#8221;1\/2&#8243; css=&#8221;.vc_custom_1526663215827{background-color: #c67934 !important;}&#8221;][vc_column_text el_class=&#8221;textwhite&#8221;]<\/p>\n<p style=\"text-align: center;\">PROGRAM COST<\/p>\n<p>[\/vc_column_text][\/vc_column][vc_column width=&#8221;1\/2&#8243; css=&#8221;.vc_custom_1526664271059{border-left-width: 2px !important;background-color: #043f82 !important;border-left-color: #ffffff !important;border-left-style: solid !important;}&#8221;][vc_column_text el_class=&#8221;textwhite&#8221;]<\/p>\n<p style=\"text-align: center;\">TYPE OF LODGING<\/p>\n<p>[\/vc_column_text][\/vc_column][\/vc_row][vc_row equal_height=&#8221;yes&#8221; content_placement=&#8221;middle&#8221;][vc_column width=&#8221;1\/2&#8243; css=&#8221;.vc_custom_1526663234139{background-color: #feeedf !important;}&#8221;][vc_column_text]<\/p>\n<p style=\"text-align: justify;\">Rate valid until December 15th, 2017 (In the case that Ecuador faces a drastic economic change, Azuluna will readjust the current rates and inform you about any changes in advance).<br \/>\nCommissionable rate in 10% for Agents.<\/p>\n<p>[\/vc_column_text][\/vc_column][vc_column width=&#8221;1\/2&#8243; css=&#8221;.vc_custom_1526664283459{border-left-width: 2px !important;background-color: #cae3ff !important;border-left-color: #ffffff !important;border-left-style: solid !important;}&#8221;][vc_column_text css=&#8221;.vc_custom_1531791557192{margin-bottom: 5px !important;border-bottom-width: 2px !important;border-bottom-color: #ffffff !important;border-bottom-style: solid !important;}&#8221;]<\/p>\n<p style=\"text-align: justify;\">Buy a standard cabin, stay in a superior US $ 310.50<\/p>\n<p>[\/vc_column_text][vc_column_text css=&#8221;.vc_custom_1531791594296{margin-bottom: 5px !important;border-bottom-width: 2px !important;border-bottom-color: #ffffff !important;border-bottom-style: solid !important;}&#8221;]<\/p>\n<p style=\"text-align: justify;\">Buy a superior cabin, stay in a standard suite US $ 340.50<\/p>\n<p>[\/vc_column_text][vc_column_text]<\/p>\n<p style=\"text-align: justify;\">Buy a standard suite, stay in a suite de luxe US $ 355.50<\/p>\n<p>[\/vc_column_text][\/vc_column][\/vc_row][vc_row equal_height=&#8221;yes&#8221; css=&#8221;.vc_custom_1526665185082{margin-bottom: 3px !important;}&#8221;][vc_column width=&#8221;1\/2&#8243; css=&#8221;.vc_custom_1526663597527{background-color: #e6e6e6 !important;}&#8221;][vc_column_text el_class=&#8221;text&#8221;]<\/p>\n<p style=\"text-align: justify;\"><span style=\"color: #043f82;\"><strong>INCLUDED<\/strong><\/span><\/p>\n<ul>\n<li style=\"text-align: justify;\">Accommodation upgrading your cabins: pay for a standard cabin-stay in a superior; pay for a superior cabin-stay in a standard suite or pay for a standard suite cabin-stay in a de luxe.<\/li>\n<li style=\"text-align: justify;\">\u00a0Welcome cocktail.<\/li>\n<li style=\"text-align: justify;\">\u00a0Bottle of wine courtesy of Azuluna Ecolodge.<\/li>\n<li style=\"text-align: justify;\">Azuluna Breakfast (fruit salad, natural yogurt, granola, eggs, pancakes or similar, organic coffee or tea, and fresh natural juice). Note: breakfast could take place in the market (local breakfast) if you decide to observe the fishermen returning with their catch.<\/li>\n<li style=\"text-align: justify;\">Lunch and dinner according to itinerary; in both cases meal includes: soup, main course, dessert and juice; served in buffet style. Note: depending on each program some of these meals could be replaced by a box lunch.<\/li>\n<li style=\"text-align: justify;\">Safe, drinkable water.<\/li>\n<li style=\"text-align: justify;\">\u00a0Beach Towels.<\/li>\n<li style=\"text-align: justify;\">Tours mentioned above guided by professionals.<\/li>\n<li style=\"text-align: justify;\">Snorkeling.<\/li>\n<li style=\"text-align: justify;\">Internet WiFi.<\/li>\n<li style=\"text-align: justify;\">Ecuadorian taxes.<\/li>\n<\/ul>\n<p>[\/vc_column_text][\/vc_column][vc_column width=&#8221;1\/2&#8243; css=&#8221;.vc_custom_1526663770267{border-left-width: 2px !important;background-color: #e6e6e6 !important;border-left-color: #ffffff !important;border-left-style: solid !important;}&#8221;][vc_column_text el_class=&#8221;text&#8221;]<\/p>\n<p style=\"text-align: justify;\"><span style=\"color: #043f82;\"><strong>NO INCLUYE<\/strong><\/span><\/p>\n<ul>\n<li style=\"text-align: justify;\">Transportation to and from Azuluna Ecolodge.<\/li>\n<li style=\"text-align: justify;\">Municipality of Puerto Lopez tax US $ 1 when you enter Isla de la Plata and entrance fee to Agua Blanca US $ 5.<\/li>\n<li style=\"text-align: justify;\">Horse-back riding mentioned above as optional.<\/li>\n<li style=\"text-align: justify;\">Full (travelling, medical, etc.) insurance. In case of an accident or death, air or bus company or travel agency insurance will be applied. Please check for more details at the end of this itinerary.<\/li>\n<li style=\"text-align: justify;\">Alcoholic and non-alcoholic drinks not mentioned in the itinerary.<\/li>\n<li style=\"text-align: justify;\">Tips.<\/li>\n<li style=\"text-align: justify;\">Anything extra not mentioned in the itinerary above.<\/li>\n<\/ul>\n<p>[\/vc_column_text][\/vc_column][\/vc_row][vc_row][vc_column css=&#8221;.vc_custom_1526665154496{padding-right: 0px !important;padding-left: 0px !important;}&#8221;][vc_column_text el_class=&#8221;textwhite&#8221; css=&#8221;.vc_custom_1531796775130{margin-bottom: 1px !important;padding-top: 10px !important;padding-bottom: 3px !important;background-color: #043f82 !important;}&#8221;]<\/p>\n<p style=\"text-align: center;\">CONFIRMATION POLICIES<\/p>\n<p>[\/vc_column_text][vc_column_text css=&#8221;.vc_custom_1531796878691{margin-bottom: 3px !important;padding-top: 20px !important;padding-bottom: 7px !important;background-color: #d6dfea !important;}&#8221;]<\/p>\n<p style=\"text-align: center;\">\u00a0 \u2022 An initial deposit in cash of 50% per person is required as soon as dates are confirmed.<br \/>\n\u2022 The 50% balance can be paid with your credit card during your check-in.<\/p>\n<p>[\/vc_column_text][vc_column_text el_class=&#8221;textwhite&#8221; css=&#8221;.vc_custom_1531796904617{margin-bottom: 3px !important;padding-top: 10px !important;padding-bottom: 3px !important;background-color: #043f82 !important;}&#8221;]<\/p>\n<p style=\"text-align: center;\">CANCELLATION POLICIES<\/p>\n<p>[\/vc_column_text][\/vc_column][\/vc_row][vc_row equal_height=&#8221;yes&#8221; content_placement=&#8221;middle&#8221;][vc_column width=&#8221;1\/3&#8243; css=&#8221;.vc_custom_1526665035614{border-bottom-width: 2px !important;background-color: #c57b34 !important;border-bottom-color: #ffffff !important;border-bottom-style: solid !important;}&#8221;][vc_column_text el_class=&#8221;textwhite&#8221;]<\/p>\n<p style=\"text-align: center;\">30-07 DAYS BEFORE THE TOUR STARTS<\/p>\n<p>[\/vc_column_text][\/vc_column][vc_column width=&#8221;1\/3&#8243; css=&#8221;.vc_custom_1526665044198{border-bottom-width: 2px !important;border-left-width: 2px !important;background-color: #f3a962 !important;border-left-color: #ffffff !important;border-left-style: solid !important;border-bottom-color: #ffffff !important;border-bottom-style: solid !important;}&#8221;][vc_column_text el_class=&#8221;textwhite&#8221;]<\/p>\n<p style=\"text-align: center;\">FORFEIT<\/p>\n<p>[\/vc_column_text][\/vc_column][vc_column width=&#8221;1\/3&#8243; css=&#8221;.vc_custom_1526665050391{border-bottom-width: 2px !important;border-left-width: 2px !important;background-color: #ffca97 !important;border-left-color: #ffffff !important;border-left-style: solid !important;border-bottom-color: #ffffff !important;border-bottom-style: solid !important;}&#8221;][vc_column_text el_class=&#8221;textwhite&#8221;]<\/p>\n<p style=\"text-align: center;\">25% OF TOTAL COST<\/p>\n<p>[\/vc_column_text][\/vc_column][\/vc_row][vc_row equal_height=&#8221;yes&#8221; content_placement=&#8221;middle&#8221;][vc_column width=&#8221;1\/3&#8243; css=&#8221;.vc_custom_1526664774825{background-color: #c57b34 !important;}&#8221;][vc_column_text el_class=&#8221;textwhite&#8221;]<\/p>\n<p style=\"text-align: center;\">06-00 DAYS BEFORE THE TOUR STARTS<\/p>\n<p>[\/vc_column_text][\/vc_column][vc_column width=&#8221;1\/3&#8243; css=&#8221;.vc_custom_1526664959145{border-left-width: 2px !important;background-color: #f3a962 !important;border-left-color: #ffffff !important;border-left-style: solid !important;}&#8221;][vc_column_text el_class=&#8221;textwhite&#8221;]<\/p>\n<p style=\"text-align: center;\">FORFEIT<\/p>\n<p>[\/vc_column_text][\/vc_column][vc_column width=&#8221;1\/3&#8243; css=&#8221;.vc_custom_1526664970603{border-left-width: 2px !important;background-color: #ffca97 !important;border-left-color: #ffffff !important;border-left-style: solid !important;}&#8221;][vc_column_text el_class=&#8221;textwhite&#8221;]<\/p>\n<p style=\"text-align: center;\">50% OF TOTAL COST<\/p>\n<p>[\/vc_column_text][\/vc_column][\/vc_row][vc_row][vc_column css=&#8221;.vc_custom_1526730098352{margin-top: 30px !important;}&#8221;][vc_column_text el_class=&#8221;text&#8221;]<\/p>\n<ul>\n<li style=\"text-align: justify;\">You may cancel your confirmed booking IN WRITING.<\/li>\n<li style=\"text-align: justify;\">The forfeit will be deducted automatically from the deposits made as soon as the written cancellation is received.<\/li>\n<\/ul>\n<p style=\"text-align: justify;\"><span style=\"color: #043f82;\"><strong><br \/>\nCOMMENTS:<br \/>\n<\/strong><\/span><\/p>\n<ul>\n<li style=\"text-align: justify;\">Azuluna Ecolodge runs this tour in coordination with local air and bus companies, as well as local travel agencies and tourist guides.<\/li>\n<li style=\"text-align: justify;\">Azuluna Ecolodge works only with reputable tourist companies.<\/li>\n<li style=\"text-align: justify;\">Azuluna Ecolodge will be responsible for providing accommodations and on-time meals, according to the itinerary above. Any delay in air, bus or sea transportation will be the responsibility of each particular company providing the service.<\/li>\n<\/ul>\n<p>[\/vc_column_text][vc_column_text el_class=&#8221;textwhite&#8221; css=&#8221;.vc_custom_1531797206487{margin-bottom: 5px !important;padding-top: 10px !important;padding-bottom: 3px !important;background-color: #79a2d0 !important;}&#8221;]<\/p>\n<p style=\"text-align: center;\">DID YOU KNOW&#8230;<\/p>\n<p>[\/vc_column_text][vc_column_text el_class=&#8221;text&#8221;]<\/p>\n<ul>\n<li style=\"text-align: justify;\">That about 10% of your accommodation costs at Azuluna Ecolodge are used to support different development projects in nearby Las Tunas Village.<\/li>\n<li style=\"text-align: justify;\">Azuluna\u00a0 is supporting the development of the local economy through the practice of \u201cfair trade\u201d through the purchase of:\n<ul>\n<li>Organic coffee served in our restaurant as planted and processed by \u201cAgroartesanal Association of Coffee Producers Intag River-Imbabura Province\u201d;<\/li>\n<li>The marketing of the artesan crafts sold in our Reception desk boutique as created by the Association of Families in Rocafuerte-Manabi Province; and<\/li>\n<\/ul>\n<\/li>\n<\/ul>\n<p style=\"text-align: center;\"><span style=\"color: #043f82;\">Azuluna Ecolodge seeks to actively support local economic development in all its practices!<br \/>\nPerla del Pacifico Sur Award for \u201cBest Management Practices in Sustainable Tourism 2011<br \/>\n<\/span><span style=\"color: #043f82;\">Mention of Honor 2012: \u201cGood Practices in Sustainable Tourism and Support to Community\u201d, GAD Puerto L\u00f3pez<br \/>\n<\/span><span style=\"color: #043f82;\">Selected as one of the 35 Economic and Romantic Paradises in South America, Chile Enviajes, 2014<\/span><\/p>\n<p>&nbsp;<\/p>\n<p>[\/vc_column_text][\/vc_column][\/vc_row][\/vc_section]<\/p>\n<\/section>","protected":false},"excerpt":{"rendered":"<p>[vc_section el_class=&#8221;sec-banner-int&#8221;][vc_row][vc_column][vc_column_text css=&#8221;.vc_custom_1532728394925{margin-bottom: 0px !important;}&#8221;][\/vc_column_text][\/vc_column][\/vc_row][\/vc_section][vc_section el_class=&#8221;sec-contenido&#8221;][vc_row][vc_column][vc_custom_heading source=&#8221;post_title&#8221; font_container=&#8221;tag:h2|font_size:44px|text_align:center|color:%23dfaf6b&#8221; use_theme_fonts=&#8221;yes&#8221; css=&#8221;.vc_custom_1526660230992{margin-top: 30px !important;}&#8221;][vc_single_image image=&#8221;54&#8243; img_size=&#8221;full&#8221; alignment=&#8221;center&#8221;][\/vc_column][\/vc_row][vc_row][vc_column width=&#8221;1\/2&#8243;][vc_single_image image=&#8221;562&#8243; img_size=&#8221;full&#8221; alignment=&#8221;center&#8221;][\/vc_column][vc_column width=&#8221;1\/2&#8243;][vc_single_image image=&#8221;561&#8243; img_size=&#8221;full&#8221; alignment=&#8221;center&#8221;][\/vc_column][\/vc_row][vc_row][vc_column][vc_column_text]4 DAYS \u2013 3 NIGHTS WITHOUT TRANSPORTATION AZULUNA is located just south of the Machalilla National Park, in Ecuador\u2019s Manabi Province. Its privileged view and proximity to the ocean offer you a unique [&hellip;]<\/p>\n","protected":false},"author":1,"featured_media":0,"parent":0,"menu_order":0,"comment_status":"closed","ping_status":"closed","template":"","meta":{"_joinchat":[]},"_links":{"self":[{"href":"https:\/\/azuluna-ecolodge.com\/en\/wp-json\/wp\/v2\/pages\/26"}],"collection":[{"href":"https:\/\/azuluna-ecolodge.com\/en\/wp-json\/wp\/v2\/pages"}],"about":[{"href":"https:\/\/azuluna-ecolodge.com\/en\/wp-json\/wp\/v2\/types\/page"}],"author":[{"embeddable":true,"href":"https:\/\/azuluna-ecolodge.com\/en\/wp-json\/wp\/v2\/users\/1"}],"replies":[{"embeddable":true,"href":"https:\/\/azuluna-ecolodge.com\/en\/wp-json\/wp\/v2\/comments?post=26"}],"version-history":[{"count":72,"href":"https:\/\/azuluna-ecolodge.com\/en\/wp-json\/wp\/v2\/pages\/26\/revisions"}],"predecessor-version":[{"id":1517,"href":"https:\/\/azuluna-ecolodge.com\/en\/wp-json\/wp\/v2\/pages\/26\/revisions\/1517"}],"wp:attachment":[{"href":"https:\/\/azuluna-ecolodge.com\/en\/wp-json\/wp\/v2\/media?parent=26"}],"curies":[{"name":"wp","href":"https:\/\/api.w.org\/{rel}","templated":true}]}}